{"id":2,"date":"2024-12-04T08:24:30","date_gmt":"2024-12-04T08:24:30","guid":{"rendered":"http:\/\/instalatorwp671.dkonto.pl\/?page_id=2"},"modified":"2025-04-18T14:49:03","modified_gmt":"2025-04-18T14:49:03","slug":"contact-us","status":"publish","type":"page","link":"https:\/\/b2bclassic.demouser.eu\/index.php\/contact-us\/","title":{"rendered":"Let\u2019s Talk Business Growth"},"content":{"rendered":"\n<p>Looking to boost your B2B strategy, improve your digital performance, or bring bold ideas to life?<br>Drop us a message \u2014 we&#8217;re here to help your business progress.<\/p>\n\n\n\n<blockquote class=\"wp-block-quote is-layout-flow wp-block-quote-is-layout-flow\">\n<p>&#x1f4e9; Fill out the form and let\u2019s explore how NexaWorks can support your goals.<br>We\u2019ll get back to you shortly.<\/p>\n<\/blockquote>\n\n\n\n<p><\/p>\n\n\n<style id=\"wpforms-css-vars-19-block-f4bccc5e-b410-42bb-aed6-c62935a0b0d3\">\n\t\t\t\t#wpforms-19.wpforms-block-f4bccc5e-b410-42bb-aed6-c62935a0b0d3 {\n\t\t\t\t--wpforms-field-text-color: #1c243c;\n--wpforms-button-border-radius: 36px;\n--wpforms-field-size-input-height: 50px;\n--wpforms-field-size-input-spacing: 20px;\n--wpforms-field-size-font-size: 18px;\n--wpforms-field-size-line-height: 21px;\n--wpforms-field-size-padding-h: 14px;\n--wpforms-field-size-checkbox-size: 18px;\n--wpforms-field-size-sublabel-spacing: 10px;\n--wpforms-field-size-icon-size: 1.25;\n--wpforms-label-size-font-size: 16px;\n--wpforms-label-size-line-height: 19px;\n--wpforms-label-size-sublabel-font-size: 14px;\n--wpforms-label-size-sublabel-line-height: 17px;\n--wpforms-button-size-font-size: 20px;\n--wpforms-button-size-height: 48px;\n--wpforms-button-size-padding-h: 20px;\n--wpforms-button-size-margin-top: 15px;\n\n\t\t\t}\n\t\t\t<\/style><div class=\"wpforms-container wpforms-container-full wpforms-block wpforms-block-f4bccc5e-b410-42bb-aed6-c62935a0b0d3 schedule-demo-form wpforms-render-modern\" id=\"wpforms-19\"><form id=\"wpforms-form-19\" class=\"wpforms-validate wpforms-form wpforms-ajax-form\" data-formid=\"19\" method=\"post\" enctype=\"multipart\/form-data\" action=\"\/index.php\/wp-json\/wp\/v2\/pages\/2\" data-token=\"ac78e42c583392c9da9bd02661544aa7\" data-token-time=\"1778394277\"><noscript class=\"wpforms-error-noscript\">Aby wype\u0142ni\u0107 ten formularz, w\u0142\u0105cz obs\u0142ug\u0119 JavaScript w przegl\u0105darce.<\/noscript><div class=\"wpforms-hidden\" id=\"wpforms-error-noscript\">Aby wype\u0142ni\u0107 ten formularz, w\u0142\u0105cz obs\u0142ug\u0119 JavaScript w przegl\u0105darce.<\/div><div class=\"wpforms-field-container\"><div id=\"wpforms-19-field_1-container\" class=\"wpforms-field wpforms-field-name\" data-field-id=\"1\"><fieldset><legend class=\"wpforms-field-label\">First name and surname <span class=\"wpforms-required-label\" aria-hidden=\"true\">*<\/span><\/legend><div class=\"wpforms-field-row wpforms-field-medium\"><div class=\"wpforms-field-row-block wpforms-first wpforms-one-half\"><input type=\"text\" id=\"wpforms-19-field_1\" class=\"wpforms-field-name-first wpforms-field-required\" name=\"wpforms[fields][1][first]\" aria-errormessage=\"wpforms-19-field_1-error\" required><label for=\"wpforms-19-field_1\" class=\"wpforms-field-sublabel after wpforms-sublabel-hide\">Imi\u0119<\/label><\/div><div class=\"wpforms-field-row-block wpforms-one-half\"><input type=\"text\" id=\"wpforms-19-field_1-last\" class=\"wpforms-field-name-last wpforms-field-required\" name=\"wpforms[fields][1][last]\" aria-errormessage=\"wpforms-19-field_1-last-error\" required><label for=\"wpforms-19-field_1-last\" class=\"wpforms-field-sublabel after wpforms-sublabel-hide\">Nazwisko<\/label><\/div><\/div><\/fieldset><\/div><div id=\"wpforms-19-field_2-container\" class=\"wpforms-field wpforms-field-email\" data-field-id=\"2\"><label class=\"wpforms-field-label\" for=\"wpforms-19-field_2\">E-mail address <span class=\"wpforms-required-label\" aria-hidden=\"true\">*<\/span><\/label><input type=\"email\" id=\"wpforms-19-field_2\" class=\"wpforms-field-medium wpforms-field-required\" name=\"wpforms[fields][2]\" spellcheck=\"false\" aria-errormessage=\"wpforms-19-field_2-error\" required><\/div>\t\t<div id=\"wpforms-19-field_5-container\"\n\t\t\tclass=\"wpforms-field wpforms-field-text\"\n\t\t\tdata-field-type=\"text\"\n\t\t\tdata-field-id=\"5\"\n\t\t\t>\n\t\t\t<label class=\"wpforms-field-label\" for=\"wpforms-19-field_5\" >Your First the<\/label>\n\t\t\t<input type=\"text\" id=\"wpforms-19-field_5\" class=\"wpforms-field-medium\" name=\"wpforms[fields][5]\" >\n\t\t<\/div>\n\t\t<div id=\"wpforms-19-field_4-container\" class=\"wpforms-field wpforms-field-text\" data-field-id=\"4\"><label class=\"wpforms-field-label\" for=\"wpforms-19-field_4\">Name of your company <span class=\"wpforms-required-label\" aria-hidden=\"true\">*<\/span><\/label><input type=\"text\" id=\"wpforms-19-field_4\" class=\"wpforms-field-medium wpforms-field-required\" name=\"wpforms[fields][4]\" aria-errormessage=\"wpforms-19-field_4-error\" required><\/div><div id=\"wpforms-19-field_3-container\" class=\"wpforms-field wpforms-field-textarea\" data-field-id=\"3\"><label class=\"wpforms-field-label\" for=\"wpforms-19-field_3\">Your message here<\/label><textarea id=\"wpforms-19-field_3\" class=\"wpforms-field-medium\" name=\"wpforms[fields][3]\" aria-errormessage=\"wpforms-19-field_3-error\" ><\/textarea><\/div><div id=\"wpforms-19-field_7-container\" class=\"wpforms-field wpforms-field-checkbox\" data-field-id=\"7\"><fieldset><legend class=\"wpforms-field-label\">I agree to the processing of my personal data for contact purposes, in accordance with the Privacy Policy. <span class=\"wpforms-required-label\" aria-hidden=\"true\">*<\/span><\/legend><ul id=\"wpforms-19-field_7\" class=\"wpforms-field-required\"><li class=\"choice-1 depth-1\"><input type=\"checkbox\" id=\"wpforms-19-field_7_1\" name=\"wpforms[fields][7][]\" value=\"Yes\" aria-errormessage=\"wpforms-19-field_7_1-error\" required ><label class=\"wpforms-field-label-inline\" for=\"wpforms-19-field_7_1\">Yes<\/label><\/li><\/ul><\/fieldset><\/div><script>\n\t\t\t\t( function() {\n\t\t\t\t\tconst style = document.createElement( 'style' );\n\t\t\t\t\tstyle.appendChild( document.createTextNode( '#wpforms-19-field_5-container { position: absolute !important; overflow: hidden !important; display: inline !important; height: 1px !important; width: 1px !important; z-index: -1000 !important; padding: 0 !important; } #wpforms-19-field_5-container input { visibility: hidden; } #wpforms-conversational-form-page #wpforms-19-field_5-container label { counter-increment: none; }' ) );\n\t\t\t\t\tdocument.head.appendChild( style );\n\t\t\t\t\tdocument.currentScript?.remove();\n\t\t\t\t} )();\n\t\t\t<\/script><\/div><!-- .wpforms-field-container --><div class=\"wpforms-submit-container\" ><input type=\"hidden\" name=\"wpforms[id]\" value=\"19\"><input type=\"hidden\" name=\"page_title\" value=\"\"><input type=\"hidden\" name=\"page_url\" value=\"https:\/\/b2bclassic.demouser.eu\/index.php\/wp-json\/wp\/v2\/pages\/2\"><input type=\"hidden\" name=\"url_referer\" value=\"\"><button type=\"submit\" name=\"wpforms[submit]\" id=\"wpforms-submit-19\" class=\"wpforms-submit\" data-alt-text=\"Sending...\" data-submit-text=\"Send\" aria-live=\"assertive\" value=\"wpforms-submit\">Send<\/button><img loading=\"lazy\" decoding=\"async\" src=\"https:\/\/b2bclassic.demouser.eu\/wp-content\/plugins\/wpforms-lite\/assets\/images\/submit-spin.svg\" class=\"wpforms-submit-spinner\" style=\"display: none;\" width=\"26\" height=\"26\" alt=\"Wczytywanie\"><\/div><\/form><\/div>  <!-- .wpforms-container -->\n\n\n<p><\/p>\n","protected":false},"excerpt":{"rendered":"<p>Looking to boost your B2B strategy, improve your digital performance, or bring bold ideas to life?Drop us a message \u2014 we&#8217;re here to help your business progress. &#x1f4e9; Fill out the form and let\u2019s explore how NexaWorks can support your goals.We\u2019ll get back to you shortly.<\/p>\n","protected":false},"author":1,"featured_media":0,"parent":0,"menu_order":0,"comment_status":"closed","ping_status":"closed","template":"","meta":{"footnotes":""},"class_list":["post-2","page","type-page","status-publish","hentry"],"_links":{"self":[{"href":"https:\/\/b2bclassic.demouser.eu\/index.php\/wp-json\/wp\/v2\/pages\/2","targetHints":{"allow":["GET"]}}],"collection":[{"href":"https:\/\/b2bclassic.demouser.eu\/index.php\/wp-json\/wp\/v2\/pages"}],"about":[{"href":"https:\/\/b2bclassic.demouser.eu\/index.php\/wp-json\/wp\/v2\/types\/page"}],"author":[{"embeddable":true,"href":"https:\/\/b2bclassic.demouser.eu\/index.php\/wp-json\/wp\/v2\/users\/1"}],"replies":[{"embeddable":true,"href":"https:\/\/b2bclassic.demouser.eu\/index.php\/wp-json\/wp\/v2\/comments?post=2"}],"version-history":[{"count":7,"href":"https:\/\/b2bclassic.demouser.eu\/index.php\/wp-json\/wp\/v2\/pages\/2\/revisions"}],"predecessor-version":[{"id":27,"href":"https:\/\/b2bclassic.demouser.eu\/index.php\/wp-json\/wp\/v2\/pages\/2\/revisions\/27"}],"wp:attachment":[{"href":"https:\/\/b2bclassic.demouser.eu\/index.php\/wp-json\/wp\/v2\/media?parent=2"}],"curies":[{"name":"wp","href":"https:\/\/api.w.org\/{rel}","templated":true}]}}